{"id":17,"date":"2021-03-29T12:05:43","date_gmt":"2021-03-29T12:05:43","guid":{"rendered":"https:\/\/www.schnauzentraining-hamburg.com\/wordpress\/?page_id=17"},"modified":"2021-03-30T07:59:55","modified_gmt":"2021-03-30T07:59:55","slug":"ueber-uns","status":"publish","type":"page","link":"https:\/\/www.schnauzentraining-hamburg.com\/?page_id=17","title":{"rendered":"\u00dcber mich"},"content":{"rendered":"\n<div class=\"wp-block-image\"><figure class=\"alignright size-large is-resized\"><img loading=\"lazy\" decoding=\"async\" src=\"https:\/\/www.schnauzentraining-hamburg.com\/wordpress\/wp-content\/uploads\/2021\/03\/ueber_4-2.jpg\" alt=\"\" class=\"wp-image-82\" width=\"350\" height=\"260\" srcset=\"https:\/\/www.schnauzentraining-hamburg.com\/wp-content\/uploads\/2021\/03\/ueber_4-2.jpg 350w, https:\/\/www.schnauzentraining-hamburg.com\/wp-content\/uploads\/2021\/03\/ueber_4-2-300x223.jpg 300w\" sizes=\"auto, (max-width: 350px) 100vw, 350px\" \/><\/figure><\/div>\n\n\n\n<p>Ich lebe  seit meiner Kindheit mit Hunden. Einige Zeit lebte ich, als meine Kinder noch klein waren, ohne Hund und dann zog die Golden Retriever Dame Lisa bei uns ein. Sie war bereits f\u00fcnf Jahre alt, ein Fundtier aus dem Tierheim. Sie lebte sich rasch ein, es gab keinerlei Schwierigkeiten, trotzdem hatte ich oft das Gef\u00fchl, wir w\u00fcrden aneinander vorbeireden. Sie war sehr souver\u00e4n und ich glaube, sie war einfach extrem geduldig mit mir bei meinen hilflosen Versuchen, mich ihr verst\u00e4ndlich zu machen.<\/p>\n\n\n\n<p>Ich entschied mich die Fremdsprache Hundisch zu lernen und kam in Kontakt mit &#8222;Hundherum&#8230;.zufrieden!&#8220; unter der Leitung von Tom Bode. Nach den Ausbildungsseminaren zur Hundetrainerin absolvierte ich ein Praktikum auf diversen Pl\u00e4tzen von &#8222;Hz!&#8220; und arbeitete auch anschlie\u00dfend weiter dort mit.<\/p>\n\n\n\n<p>Im Oktober 2009 starb Lisa und wir versuchten vier Monate ohne Hund zu leben. Es war m\u00f6glich, aber es war ein sinnloses Leben. Im Januar 2010 kam Emma zu uns. Ein Golden Retriever M\u00e4dchen, das in ihrem Zuhause nicht gl\u00fccklich war. Bei ihr konnte ich gleich alles so umsetzen, wie ich es gelernt hatte. Sie ist eine w\u00fcrdige Nachfolgerin von Lisa und auf dem besten Weg ein fantastischer Hund zu werden.<\/p>\n\n\n\n<p>Ich habe mich auf die Verhaltensberatung, Erziehungsberatung und Einzelunterricht spezialisiert und biete dieses auch in der Hundeschule &#8222;Schnauzentreff Buchholz&#8220; an.<\/p>\n\n\n\n<figure class=\"wp-block-gallery columns-3 is-cropped wp-block-gallery-1 is-layout-flex wp-block-gallery-is-layout-flex\"><ul class=\"blocks-gallery-grid\"><li class=\"blocks-gallery-item\"><figure><img loading=\"lazy\" decoding=\"async\" width=\"250\" height=\"188\" src=\"https:\/\/www.schnauzentraining-hamburg.com\/wordpress\/wp-content\/uploads\/2021\/03\/ueber_1-1.jpg\" alt=\"\" data-id=\"88\" data-full-url=\"https:\/\/www.schnauzentraining-hamburg.com\/wordpress\/wp-content\/uploads\/2021\/03\/ueber_1-1.jpg\" data-link=\"https:\/\/www.schnauzentraining-hamburg.com\/wordpress\/index.php\/ueber-uns\/ueber_1-1\/\" class=\"wp-image-88\"\/><\/figure><\/li><li class=\"blocks-gallery-item\"><figure><img loading=\"lazy\" decoding=\"async\" width=\"250\" height=\"187\" src=\"https:\/\/www.schnauzentraining-hamburg.com\/wordpress\/wp-content\/uploads\/2021\/03\/ueber_2-1.jpg\" alt=\"\" data-id=\"89\" data-full-url=\"https:\/\/www.schnauzentraining-hamburg.com\/wordpress\/wp-content\/uploads\/2021\/03\/ueber_2-1.jpg\" data-link=\"https:\/\/www.schnauzentraining-hamburg.com\/wordpress\/index.php\/ueber-uns\/ueber_2-1\/\" class=\"wp-image-89\"\/><\/figure><\/li><li class=\"blocks-gallery-item\"><figure><img loading=\"lazy\" decoding=\"async\" width=\"250\" height=\"188\" src=\"https:\/\/www.schnauzentraining-hamburg.com\/wordpress\/wp-content\/uploads\/2021\/03\/ueber_3-3.jpg\" alt=\"\" data-id=\"90\" data-full-url=\"https:\/\/www.schnauzentraining-hamburg.com\/wordpress\/wp-content\/uploads\/2021\/03\/ueber_3-3.jpg\" data-link=\"https:\/\/www.schnauzentraining-hamburg.com\/wordpress\/index.php\/ueber-uns\/ueber_3-3\/\" class=\"wp-image-90\"\/><\/figure><\/li><\/ul><\/figure>\n\n\n\n<p><\/p>\n","protected":false},"excerpt":{"rendered":"<p>Ich lebe seit meiner Kindheit mit Hunden. Einige Zeit lebte ich, als meine Kinder noch klein waren, ohne Hund und dann zog die Golden Retriever Dame Lisa bei uns ein. Sie war bereits f\u00fcnf Jahre alt, ein Fundtier aus dem Tierheim. Sie lebte sich rasch ein, es gab keinerlei Schwierigkeiten, trotzdem hatte ich oft das [&hellip;]<\/p>\n","protected":false},"author":1,"featured_media":0,"parent":0,"menu_order":0,"comment_status":"closed","ping_status":"closed","template":"","meta":{"footnotes":""},"class_list":["post-17","page","type-page","status-publish","hentry"],"_links":{"self":[{"href":"https:\/\/www.schnauzentraining-hamburg.com\/index.php?rest_route=\/wp\/v2\/pages\/17","targetHints":{"allow":["GET"]}}],"collection":[{"href":"https:\/\/www.schnauzentraining-hamburg.com\/index.php?rest_route=\/wp\/v2\/pages"}],"about":[{"href":"https:\/\/www.schnauzentraining-hamburg.com\/index.php?rest_route=\/wp\/v2\/types\/page"}],"author":[{"embeddable":true,"href":"https:\/\/www.schnauzentraining-hamburg.com\/index.php?rest_route=\/wp\/v2\/users\/1"}],"replies":[{"embeddable":true,"href":"https:\/\/www.schnauzentraining-hamburg.com\/index.php?rest_route=%2Fwp%2Fv2%2Fcomments&post=17"}],"version-history":[{"count":2,"href":"https:\/\/www.schnauzentraining-hamburg.com\/index.php?rest_route=\/wp\/v2\/pages\/17\/revisions"}],"predecessor-version":[{"id":91,"href":"https:\/\/www.schnauzentraining-hamburg.com\/index.php?rest_route=\/wp\/v2\/pages\/17\/revisions\/91"}],"wp:attachment":[{"href":"https:\/\/www.schnauzentraining-hamburg.com\/index.php?rest_route=%2Fwp%2Fv2%2Fmedia&parent=17"}],"curies":[{"name":"wp","href":"https:\/\/api.w.org\/{rel}","templated":true}]}}