{"id":49,"date":"2021-03-30T06:27:01","date_gmt":"2021-03-30T06:27:01","guid":{"rendered":"https:\/\/www.schnauzentraining-hamburg.com\/wordpress\/?page_id=49"},"modified":"2021-03-30T09:11:28","modified_gmt":"2021-03-30T09:11:28","slug":"ueber-erziehung","status":"publish","type":"page","link":"https:\/\/www.schnauzentraining-hamburg.com\/?page_id=49","title":{"rendered":"\u00fcber Erziehung"},"content":{"rendered":"\n<h4 class=\"wp-block-heading\">Es ist leicht einen Hund zu verderben, aber schwer ihn richtig zu erziehen.<\/h4>\n\n\n\n<p>Ich arbeite nach der operanten Konditionierung, d. h. der Hund lernt am Erfolg. Was sich f\u00fcr ihn gelohnt hat, wird er wieder tun und was sich nicht gelohnt hat, wird er bleiben lassen. Er kann selber herausfinden, was ich von ihm m\u00f6chte und genau in dem Moment best\u00e4tige ich sein Verhalten. Da ich keinen Zwang aus\u00fcbe, lernt er effektiver und hat auch noch viel Spa\u00df daran. So kann ich dem Hund alles beibringen, was ich f\u00fcr ein entspanntes Zusammenleben brauche.<\/p>\n\n\n\n<p>Bei Ihnen ist es nicht entspannt? Dann ist es wichtig herauszufinden, warum Ihr Hund dieses oder jenes tut und welchen Platz Ihr Hund in Ihrem gemischten Rudel hat. Der Hund hat vielleicht eine ganz andere Auffassung davon! Der Mensch sendet Signale an den Hund und er reagiert darauf. Wird ihm immer wieder gezeigt wie wichtig er ist und er den Ton angeben darf, muss er sich ja f\u00fcr den Gr\u00f6\u00dften halten. Wer kann es ihm verdenken? Au\u00dferdem wei\u00df er instinktiv, dass es einen Anf\u00fchrer geben muss, damit sein Rudel \u00fcberleben kann. Gibt es niemanden, der sich daf\u00fcr zust\u00e4ndig f\u00fchlt, \u00fcbernimmt er. Aber nicht, weil er &#8222;so dominant&#8220; ist, unbedingt anf\u00fchren oder Sie gar \u00e4rgern will, sondern weil es eben sonst keiner macht.<\/p>\n\n\n\n<p>Ziel ist, ihm klarzumachen, wer der Anf\u00fchrer ist. Und genau das lernen Sie bei mir!<\/p>\n\n\n\n<p>Sie lernen konsequent und deutlich im Umgang mit Ihrem Hund zu werden, im Lob wie auch einmal im Tadel. Hellsehen, was wir von ihm m\u00f6chten, kann er leider nicht, ebenso wenig unsere Sprache sprechen. Auch hier best\u00e4tige ich das erw\u00fcnschte Verhalten, das nicht erw\u00fcnschte wird ignoriert. Pausenloses ausschimpfen, auf den R\u00fccken werfen oder gar Schl\u00e4ge sind v\u00f6llig indiskutabel. Mein Hund ist mein bester Freund und das tue ich ihm nicht an. Es ist auch sinnlos: Sie erreichen damit nur, dass Ihre Beziehung noch schlechter wird. Es gibt viele Gr\u00fcnde f\u00fcr Probleme zwischen Mensch und Hund: Missverst\u00e4ndnisse in der Rangordnung, mangelnde Kommunikation, Ratlosigkeit, dem Hund klare Grenzen zu setzen, falsch verstandene Tierliebe usw. Dies zu ver\u00e4ndern; bedarf Arbeit und Geduld; von heute auf morgen geht das nicht.<\/p>\n\n\n\n<p>Wenn Sie Interesse daran haben an der Beziehung zu Ihrem Vierbeiner zu arbeiten und einen Freund an Ihrer Seite m\u00f6chten, sind Sie bei mir richtig.Wenn Sie allerdings strikten Gehorsam m\u00f6chten, leider nicht.<\/p>\n\n\n\n<p class=\"has-text-color\" style=\"color:#990033\"><\/p>\n","protected":false},"excerpt":{"rendered":"<p>Es ist leicht einen Hund zu verderben, aber schwer ihn richtig zu erziehen. Ich arbeite nach der operanten Konditionierung, d. h. der Hund lernt am Erfolg. Was sich f\u00fcr ihn gelohnt hat, wird er wieder tun und was sich nicht gelohnt hat, wird er bleiben lassen. Er kann selber herausfinden, was ich von ihm m\u00f6chte [&hellip;]<\/p>\n","protected":false},"author":1,"featured_media":0,"parent":0,"menu_order":0,"comment_status":"closed","ping_status":"closed","template":"","meta":{"footnotes":""},"class_list":["post-49","page","type-page","status-publish","hentry"],"_links":{"self":[{"href":"https:\/\/www.schnauzentraining-hamburg.com\/index.php?rest_route=\/wp\/v2\/pages\/49","targetHints":{"allow":["GET"]}}],"collection":[{"href":"https:\/\/www.schnauzentraining-hamburg.com\/index.php?rest_route=\/wp\/v2\/pages"}],"about":[{"href":"https:\/\/www.schnauzentraining-hamburg.com\/index.php?rest_route=\/wp\/v2\/types\/page"}],"author":[{"embeddable":true,"href":"https:\/\/www.schnauzentraining-hamburg.com\/index.php?rest_route=\/wp\/v2\/users\/1"}],"replies":[{"embeddable":true,"href":"https:\/\/www.schnauzentraining-hamburg.com\/index.php?rest_route=%2Fwp%2Fv2%2Fcomments&post=49"}],"version-history":[{"count":3,"href":"https:\/\/www.schnauzentraining-hamburg.com\/index.php?rest_route=\/wp\/v2\/pages\/49\/revisions"}],"predecessor-version":[{"id":115,"href":"https:\/\/www.schnauzentraining-hamburg.com\/index.php?rest_route=\/wp\/v2\/pages\/49\/revisions\/115"}],"wp:attachment":[{"href":"https:\/\/www.schnauzentraining-hamburg.com\/index.php?rest_route=%2Fwp%2Fv2%2Fmedia&parent=49"}],"curies":[{"name":"wp","href":"https:\/\/api.w.org\/{rel}","templated":true}]}}